{"id":12,"date":"2025-03-27T10:29:26","date_gmt":"2025-03-27T10:29:26","guid":{"rendered":"https:\/\/www.smzdomin.pl\/?page_id=12"},"modified":"2025-06-06T14:13:04","modified_gmt":"2025-06-06T14:13:04","slug":"home","status":"publish","type":"page","link":"https:\/\/www.smzdomin.pl\/","title":{"rendered":"Home"},"content":{"rendered":"\n<div class=\"wp-block-group is-layout-constrained wp-block-group-is-layout-constrained\">\n<div class=\"wp-block-group is-layout-constrained wp-block-group-is-layout-constrained\">\n<div class=\"wp-block-group is-layout-constrained wp-block-group-is-layout-constrained\" style=\"margin-top:var(--wp--preset--spacing--80);margin-bottom:var(--wp--preset--spacing--80);padding-top:var(--wp--preset--spacing--80);padding-bottom:var(--wp--preset--spacing--80)\">\n<h2 class=\"wp-block-heading has-text-align-center has-x-large-font-size\" style=\"margin-top:0;margin-bottom:0\">O nas<\/h2>\n\n\n\n<p class=\"has-text-align-center\">Stowarzyszenie Mi\u0142o\u015bnik\u00f3w Zwierz\u0105t \u201eDOMIN\u201d to organizacja za\u0142o\u017cona w 2013 roku przez grup\u0119 do\u015bwiadczonych hodowc\u00f3w ps\u00f3w i kot\u00f3w rasowych oraz pasjonat\u00f3w czworonog\u00f3w. <\/p>\n\n\n\n<h2 class=\"wp-block-heading has-text-align-center\">Nasza misja<\/h2>\n\n\n\n<p>Stowarzyszenie Mi\u0142o\u015bnik\u00f3w Zwierz\u0105t \u201eDOMIN\u201d powsta\u0142o z pasji do czworonog\u00f3w i potrzeby stworzenia przestrzeni dla hodowc\u00f3w oraz mi\u0142o\u015bnik\u00f3w rasowych ps\u00f3w i kot\u00f3w. Naszym celem jest promowanie odpowiedzialnej hodowli, edukacja w\u0142a\u015bcicieli oraz dbanie o najwy\u017csze standardy w zakresie opieki nad zwierz\u0119tami.<\/p>\n\n\n\n<p>Prowadzimy w\u0142asne rejestry hodowli oraz ksi\u0119gi rodowodowe, zapewniaj\u0105c transparentno\u015b\u0107 i rzetelno\u015b\u0107 w dokumentacji pochodzenia zwierz\u0105t. Dzia\u0142amy zgodnie z obowi\u0105zuj\u0105cymi przepisami prawa w Polsce, posiadaj\u0105c uprawnienia do wydawania oficjalnych dokument\u00f3w, w tym rodowod\u00f3w.<\/p>\n\n\n\n<p>Nasze stowarzyszenie to nie tylko baza wiedzy i wsparcie dla hodowc\u00f3w, ale tak\u017ce spo\u0142eczno\u015b\u0107 ludzi, kt\u00f3rzy \u0142\u0105czy mi\u0142o\u015b\u0107 do zwierz\u0105t. Wierzymy, \u017ce poprzez edukacj\u0119 i wsp\u00f3\u0142prac\u0119 mo\u017cemy przyczyni\u0107 si\u0119 do rozwoju \u015bwiadomej i etycznej hodowli.<\/p>\n<\/div>\n<\/div>\n<\/div>\n","protected":false},"excerpt":{"rendered":"<p>O nas Stowarzyszenie Mi\u0142o\u015bnik\u00f3w Zwierz\u0105t \u201eDOMIN\u201d to organizacja za\u0142o\u017cona w 2013 roku przez grup\u0119 do\u015bwiadczonych hodowc\u00f3w ps\u00f3w i kot\u00f3w rasowych [&hellip;]<\/p>\n","protected":false},"author":1,"featured_media":0,"parent":0,"menu_order":0,"comment_status":"closed","ping_status":"closed","template":"","meta":{"site-sidebar-layout":"no-sidebar","site-content-layout":"plain-container","ast-site-content-layout":"default","site-content-style":"default","site-sidebar-style":"default","ast-global-header-display":"","ast-banner-title-visibility":"","ast-main-header-display":"","ast-hfb-above-header-display":"","ast-hfb-below-header-display":"","ast-hfb-mobile-header-display":"","site-post-title":"disabled","ast-breadcrumbs-content":"","ast-featured-img":"","footer-sml-layout":"","theme-transparent-header-meta":"enabled","adv-header-id-meta":"","stick-header-meta":"","header-above-stick-meta":"","header-main-stick-meta":"","header-below-stick-meta":"","astra-migrate-meta-layouts":"default","ast-page-background-enabled":"default","ast-page-background-meta":{"desktop":{"background-color":"var(--ast-global-color-5)","background-image":"","background-repeat":"repeat","background-position":"center center","background-size":"auto","background-attachment":"scroll","background-type":"","background-media":"","overlay-type":"","overlay-color":"","overlay-opacity":"","overlay-gradient":""},"tablet":{"background-color":"","background-image":"","background-repeat":"repeat","background-position":"center center","background-size":"auto","background-attachment":"scroll","background-type":"","background-media":"","overlay-type":"","overlay-color":"","overlay-opacity":"","overlay-gradient":""},"mobile":{"background-color":"","background-image":"","background-repeat":"repeat","background-position":"center center","background-size":"auto","background-attachment":"scroll","background-type":"","background-media":"","overlay-type":"","overlay-color":"","overlay-opacity":"","overlay-gradient":""}},"ast-content-background-meta":{"desktop":{"background-color":"var(--ast-global-color-4)","background-image":"","background-repeat":"repeat","background-position":"center center","background-size":"auto","background-attachment":"scroll","background-type":"","background-media":"","overlay-type":"","overlay-color":"","overlay-opacity":"","overlay-gradient":""},"tablet":{"background-color":"var(--ast-global-color-4)","background-image":"","background-repeat":"repeat","background-position":"center center","background-size":"auto","background-attachment":"scroll","background-type":"","background-media":"","overlay-type":"","overlay-color":"","overlay-opacity":"","overlay-gradient":""},"mobile":{"background-color":"var(--ast-global-color-4)","background-image":"","background-repeat":"repeat","background-position":"center center","background-size":"auto","background-attachment":"scroll","background-type":"","background-media":"","overlay-type":"","overlay-color":"","overlay-opacity":"","overlay-gradient":""}},"footnotes":""},"class_list":["post-12","page","type-page","status-publish","hentry"],"_links":{"self":[{"href":"https:\/\/www.smzdomin.pl\/index.php\/wp-json\/wp\/v2\/pages\/12","targetHints":{"allow":["GET"]}}],"collection":[{"href":"https:\/\/www.smzdomin.pl\/index.php\/wp-json\/wp\/v2\/pages"}],"about":[{"href":"https:\/\/www.smzdomin.pl\/index.php\/wp-json\/wp\/v2\/types\/page"}],"author":[{"embeddable":true,"href":"https:\/\/www.smzdomin.pl\/index.php\/wp-json\/wp\/v2\/users\/1"}],"replies":[{"embeddable":true,"href":"https:\/\/www.smzdomin.pl\/index.php\/wp-json\/wp\/v2\/comments?post=12"}],"version-history":[{"count":40,"href":"https:\/\/www.smzdomin.pl\/index.php\/wp-json\/wp\/v2\/pages\/12\/revisions"}],"predecessor-version":[{"id":352,"href":"https:\/\/www.smzdomin.pl\/index.php\/wp-json\/wp\/v2\/pages\/12\/revisions\/352"}],"wp:attachment":[{"href":"https:\/\/www.smzdomin.pl\/index.php\/wp-json\/wp\/v2\/media?parent=12"}],"curies":[{"name":"wp","href":"https:\/\/api.w.org\/{rel}","templated":true}]}}