{"id":102,"date":"2025-03-28T09:44:13","date_gmt":"2025-03-28T09:44:13","guid":{"rendered":"https:\/\/www.smzdomin.pl\/?page_id=102"},"modified":"2025-07-07T18:10:42","modified_gmt":"2025-07-07T18:10:42","slug":"cennik","status":"publish","type":"page","link":"https:\/\/www.smzdomin.pl\/index.php\/cennik\/","title":{"rendered":"Cennik"},"content":{"rendered":"\n<div class=\"wp-block-group is-layout-constrained wp-block-group-is-layout-constrained\">\n<h2 class=\"wp-block-heading has-text-align-center\">Cennik na rok 2025<\/h2>\n\n\n\n<p class=\"has-text-align-center\"><strong>!!! WYSY\u0141KA DOKUMENT\u00d3W NASTEPUJE DO PI\u0118CIU DNI ROBOCZYCH PO ZAKSI\u0118GOWANIU WP\u0141ATY !!!<\/strong><\/p>\n\n\n\n<figure class=\"wp-block-table\"><table><tbody><tr><td>Lp.<\/td><td>Rodzaj Op\u0142aty<\/td><td>Kwota<\/td><\/tr><tr><td>1.<\/td><td>Wpisowe jednorazowe<\/td><td>400 z\u0142<\/td><\/tr><tr><td>2.<\/td><td>Roczna sk\u0142adka cz\u0142onkowska<\/td><td>200 z\u0142<\/td><\/tr><tr><td>3.<\/td><td>Wydanie rodowodu<\/td><td>100 z\u0142<\/td><\/tr><tr><td>4.<\/td><td>Wydanie rodowodu wst\u0119pnego dla ps\u00f3w z poza stowarzyszenia<\/td><td>120 z\u0142<\/td><\/tr><tr><td>5.<\/td><td>Wydanie duplikatu rodowodu lub wypisu z Ksi\u0119gi Wst\u0119pnej<\/td><td>50 z\u0142<\/td><\/tr><tr><td>6.<\/td><td>Przerejestrowanie hodowli<\/td><td>50 z\u0142<\/td><\/tr><tr><td>7.<\/td><td>Przegl\u0105d kwalifikacji przy pierwszej kontroli<\/td><td>50 z\u0142<\/td><\/tr><tr><td>8.<\/td><td>Certyfikat wzorowej hodowli<\/td><td>50 z\u0142<\/td><\/tr><tr><td>9.<\/td><td>Kontrola hodowli ustalona z hodowc\u0105 w danym dniu<\/td><td>50 z\u0142<\/td><\/tr><tr><td>10.<\/td><td>Wyrobienie metryki<\/td><td>30 z\u0142<\/td><\/tr><tr><td>11.<\/td><td>Chip<\/td><td>20 z\u0142<\/td><\/tr><tr><td>12.<\/td><td>Wpis do rodowodu Reproduktora<\/td><td>50 z\u0142<\/td><\/tr><tr><td>13.<\/td><td>Wpis do rodowodu Suki Hodowlanej<\/td><td>50 z\u0142<\/td><\/tr><tr><td>14.<\/td><td>Wyrobienie legitymacji<\/td><td>50z\u0142<\/td><\/tr><tr><td>15.<\/td><td>Stawka za dojazd na kontrole<\/td><td>1 z\u0142\/km<\/td><\/tr><tr><td>16.<\/td><td>Wysy\u0142ka do paczkomatu<\/td><td>12 z\u0142<\/td><\/tr><tr><td>17.<\/td><td>Wysy\u0142ka kurierem Inpost<\/td><td>15 z\u0142<\/td><\/tr><tr><td>18.<\/td><td>Wysy\u0142ka za pobraniem DHL<\/td><td>25 z\u0142<\/td><\/tr><\/tbody><\/table><\/figure>\n\n\n\n<p>Numer Konta Stowarzyszenia: 55 1240 1822 1111 0010 5594 3560<\/p>\n\n\n\n<p>Numer Blik: 503 141 376<\/p>\n<\/div>\n","protected":false},"excerpt":{"rendered":"<p>Cennik na rok 2025 !!! WYSY\u0141KA DOKUMENT\u00d3W NASTEPUJE DO PI\u0118CIU DNI ROBOCZYCH PO ZAKSI\u0118GOWANIU WP\u0141ATY !!! Lp. Rodzaj Op\u0142aty Kwota [&hellip;]<\/p>\n","protected":false},"author":1,"featured_media":0,"parent":0,"menu_order":0,"comment_status":"closed","ping_status":"closed","template":"","meta":{"site-sidebar-layout":"default","site-content-layout":"","ast-site-content-layout":"","site-content-style":"default","site-sidebar-style":"default","ast-global-header-display":"","ast-banner-title-visibility":"","ast-main-header-display":"","ast-hfb-above-header-display":"","ast-hfb-below-header-display":"","ast-hfb-mobile-header-display":"","site-post-title":"disabled","ast-breadcrumbs-content":"","ast-featured-img":"","footer-sml-layout":"","theme-transparent-header-meta":"","adv-header-id-meta":"","stick-header-meta":"","header-above-stick-meta":"","header-main-stick-meta":"","header-below-stick-meta":"","astra-migrate-meta-layouts":"default","ast-page-background-enabled":"default","ast-page-background-meta":{"desktop":{"background-color":"var(--ast-global-color-5)","background-image":"","background-repeat":"repeat","background-position":"center center","background-size":"auto","background-attachment":"scroll","background-type":"","background-media":"","overlay-type":"","overlay-color":"","overlay-opacity":"","overlay-gradient":""},"tablet":{"background-color":"","background-image":"","background-repeat":"repeat","background-position":"center center","background-size":"auto","background-attachment":"scroll","background-type":"","background-media":"","overlay-type":"","overlay-color":"","overlay-opacity":"","overlay-gradient":""},"mobile":{"background-color":"","background-image":"","background-repeat":"repeat","background-position":"center center","background-size":"auto","background-attachment":"scroll","background-type":"","background-media":"","overlay-type":"","overlay-color":"","overlay-opacity":"","overlay-gradient":""}},"ast-content-background-meta":{"desktop":{"background-color":"var(--ast-global-color-4)","background-image":"","background-repeat":"repeat","background-position":"center center","background-size":"auto","background-attachment":"scroll","background-type":"","background-media":"","overlay-type":"","overlay-color":"","overlay-opacity":"","overlay-gradient":""},"tablet":{"background-color":"var(--ast-global-color-4)","background-image":"","background-repeat":"repeat","background-position":"center center","background-size":"auto","background-attachment":"scroll","background-type":"","background-media":"","overlay-type":"","overlay-color":"","overlay-opacity":"","overlay-gradient":""},"mobile":{"background-color":"var(--ast-global-color-4)","background-image":"","background-repeat":"repeat","background-position":"center center","background-size":"auto","background-attachment":"scroll","background-type":"","background-media":"","overlay-type":"","overlay-color":"","overlay-opacity":"","overlay-gradient":""}},"footnotes":""},"class_list":["post-102","page","type-page","status-publish","hentry"],"_links":{"self":[{"href":"https:\/\/www.smzdomin.pl\/index.php\/wp-json\/wp\/v2\/pages\/102","targetHints":{"allow":["GET"]}}],"collection":[{"href":"https:\/\/www.smzdomin.pl\/index.php\/wp-json\/wp\/v2\/pages"}],"about":[{"href":"https:\/\/www.smzdomin.pl\/index.php\/wp-json\/wp\/v2\/types\/page"}],"author":[{"embeddable":true,"href":"https:\/\/www.smzdomin.pl\/index.php\/wp-json\/wp\/v2\/users\/1"}],"replies":[{"embeddable":true,"href":"https:\/\/www.smzdomin.pl\/index.php\/wp-json\/wp\/v2\/comments?post=102"}],"version-history":[{"count":16,"href":"https:\/\/www.smzdomin.pl\/index.php\/wp-json\/wp\/v2\/pages\/102\/revisions"}],"predecessor-version":[{"id":461,"href":"https:\/\/www.smzdomin.pl\/index.php\/wp-json\/wp\/v2\/pages\/102\/revisions\/461"}],"wp:attachment":[{"href":"https:\/\/www.smzdomin.pl\/index.php\/wp-json\/wp\/v2\/media?parent=102"}],"curies":[{"name":"wp","href":"https:\/\/api.w.org\/{rel}","templated":true}]}}